{"id":2727,"date":"2024-10-20T18:17:41","date_gmt":"2024-10-20T18:17:41","guid":{"rendered":"https:\/\/serramentiemylar.it\/despre-noi\/"},"modified":"2024-10-20T18:17:41","modified_gmt":"2024-10-20T18:17:41","slug":"despre-noi","status":"publish","type":"page","link":"https:\/\/serramentiemylar.it\/ro\/despre-noi\/","title":{"rendered":"Despre noi"},"content":{"rendered":"","protected":false},"excerpt":{"rendered":"","protected":false},"author":2,"featured_media":0,"parent":0,"menu_order":0,"comment_status":"closed","ping_status":"closed","template":"","meta":{"_acf_changed":false,"footnotes":""},"class_list":["post-2727","page","type-page","status-publish","hentry"],"acf":[],"yoast_head":"<!-- This site is optimized with the Yoast SEO plugin v27.1.1 - https:\/\/yoast.com\/product\/yoast-seo-wordpress\/ -->\n<title>Despre noi - Serramenti Emylar<\/title>\n<meta name=\"description\" content=\"La Serramenti EmyLar, credem \u00een mai mult dec\u00e2t simpla livrare a produselor; oferim o promisiune de calitate, durabilitate \u0219i solu\u021bii personalizate.\" \/>\n<meta name=\"robots\" content=\"index, follow, max-snippet:-1, max-image-preview:large, max-video-preview:-1\" \/>\n<link rel=\"canonical\" href=\"https:\/\/serramentiemylar.it\/ro\/despre-noi\/\" \/>\n<meta property=\"og:locale\" content=\"ro_RO\" \/>\n<meta property=\"og:type\" content=\"article\" \/>\n<meta property=\"og:title\" content=\"Despre noi - Serramenti Emylar\" \/>\n<meta property=\"og:description\" content=\"La Serramenti EmyLar, credem \u00een mai mult dec\u00e2t simpla livrare a produselor; oferim o promisiune de calitate, durabilitate \u0219i solu\u021bii personalizate.\" \/>\n<meta property=\"og:url\" content=\"https:\/\/serramentiemylar.it\/ro\/despre-noi\/\" \/>\n<meta property=\"og:site_name\" content=\"Serramenti Emylar\" \/>\n<meta name=\"twitter:card\" content=\"summary_large_image\" \/>\n<script type=\"application\/ld+json\" class=\"yoast-schema-graph\">{\"@context\":\"https:\/\/schema.org\",\"@graph\":[{\"@type\":\"WebPage\",\"@id\":\"https:\/\/serramentiemylar.it\/ro\/despre-noi\/\",\"url\":\"https:\/\/serramentiemylar.it\/ro\/despre-noi\/\",\"name\":\"Despre noi - Serramenti Emylar\",\"isPartOf\":{\"@id\":\"https:\/\/serramentiemylar.it\/ro\/#website\"},\"datePublished\":\"2024-10-20T18:17:41+00:00\",\"description\":\"La Serramenti EmyLar, credem \u00een mai mult dec\u00e2t simpla livrare a produselor; oferim o promisiune de calitate, durabilitate \u0219i solu\u021bii personalizate.\",\"breadcrumb\":{\"@id\":\"https:\/\/serramentiemylar.it\/ro\/despre-noi\/#breadcrumb\"},\"inLanguage\":\"ro-RO\",\"potentialAction\":[{\"@type\":\"ReadAction\",\"target\":[\"https:\/\/serramentiemylar.it\/ro\/despre-noi\/\"]}]},{\"@type\":\"BreadcrumbList\",\"@id\":\"https:\/\/serramentiemylar.it\/ro\/despre-noi\/#breadcrumb\",\"itemListElement\":[{\"@type\":\"ListItem\",\"position\":1,\"name\":\"Home\",\"item\":\"https:\/\/serramentiemylar.it\/ro\/\"},{\"@type\":\"ListItem\",\"position\":2,\"name\":\"Despre noi\"}]},{\"@type\":\"WebSite\",\"@id\":\"https:\/\/serramentiemylar.it\/ro\/#website\",\"url\":\"https:\/\/serramentiemylar.it\/ro\/\",\"name\":\"Serramenti Emylar\",\"description\":\"Con un impegno duraturo verso la qualit\u00e0, il nostro team \u00e8 dedicato a fornire soluzioni resistenti ed eleganti per la tua casa o la tua attivit\u00e0.\",\"potentialAction\":[{\"@type\":\"SearchAction\",\"target\":{\"@type\":\"EntryPoint\",\"urlTemplate\":\"https:\/\/serramentiemylar.it\/ro\/?s={search_term_string}\"},\"query-input\":{\"@type\":\"PropertyValueSpecification\",\"valueRequired\":true,\"valueName\":\"search_term_string\"}}],\"inLanguage\":\"ro-RO\"}]}<\/script>\n<!-- \/ Yoast SEO plugin. -->","yoast_head_json":{"title":"Despre noi - Serramenti Emylar","description":"La Serramenti EmyLar, credem \u00een mai mult dec\u00e2t simpla livrare a produselor; oferim o promisiune de calitate, durabilitate \u0219i solu\u021bii personalizate.","robots":{"index":"index","follow":"follow","max-snippet":"max-snippet:-1","max-image-preview":"max-image-preview:large","max-video-preview":"max-video-preview:-1"},"canonical":"https:\/\/serramentiemylar.it\/ro\/despre-noi\/","og_locale":"ro_RO","og_type":"article","og_title":"Despre noi - Serramenti Emylar","og_description":"La Serramenti EmyLar, credem \u00een mai mult dec\u00e2t simpla livrare a produselor; oferim o promisiune de calitate, durabilitate \u0219i solu\u021bii personalizate.","og_url":"https:\/\/serramentiemylar.it\/ro\/despre-noi\/","og_site_name":"Serramenti Emylar","twitter_card":"summary_large_image","schema":{"@context":"https:\/\/schema.org","@graph":[{"@type":"WebPage","@id":"https:\/\/serramentiemylar.it\/ro\/despre-noi\/","url":"https:\/\/serramentiemylar.it\/ro\/despre-noi\/","name":"Despre noi - Serramenti Emylar","isPartOf":{"@id":"https:\/\/serramentiemylar.it\/ro\/#website"},"datePublished":"2024-10-20T18:17:41+00:00","description":"La Serramenti EmyLar, credem \u00een mai mult dec\u00e2t simpla livrare a produselor; oferim o promisiune de calitate, durabilitate \u0219i solu\u021bii personalizate.","breadcrumb":{"@id":"https:\/\/serramentiemylar.it\/ro\/despre-noi\/#breadcrumb"},"inLanguage":"ro-RO","potentialAction":[{"@type":"ReadAction","target":["https:\/\/serramentiemylar.it\/ro\/despre-noi\/"]}]},{"@type":"BreadcrumbList","@id":"https:\/\/serramentiemylar.it\/ro\/despre-noi\/#breadcrumb","itemListElement":[{"@type":"ListItem","position":1,"name":"Home","item":"https:\/\/serramentiemylar.it\/ro\/"},{"@type":"ListItem","position":2,"name":"Despre noi"}]},{"@type":"WebSite","@id":"https:\/\/serramentiemylar.it\/ro\/#website","url":"https:\/\/serramentiemylar.it\/ro\/","name":"Serramenti Emylar","description":"Con un impegno duraturo verso la qualit\u00e0, il nostro team \u00e8 dedicato a fornire soluzioni resistenti ed eleganti per la tua casa o la tua attivit\u00e0.","potentialAction":[{"@type":"SearchAction","target":{"@type":"EntryPoint","urlTemplate":"https:\/\/serramentiemylar.it\/ro\/?s={search_term_string}"},"query-input":{"@type":"PropertyValueSpecification","valueRequired":true,"valueName":"search_term_string"}}],"inLanguage":"ro-RO"}]}},"_links":{"self":[{"href":"https:\/\/serramentiemylar.it\/ro\/wp-json\/wp\/v2\/pages\/2727","targetHints":{"allow":["GET"]}}],"collection":[{"href":"https:\/\/serramentiemylar.it\/ro\/wp-json\/wp\/v2\/pages"}],"about":[{"href":"https:\/\/serramentiemylar.it\/ro\/wp-json\/wp\/v2\/types\/page"}],"author":[{"embeddable":true,"href":"https:\/\/serramentiemylar.it\/ro\/wp-json\/wp\/v2\/users\/2"}],"replies":[{"embeddable":true,"href":"https:\/\/serramentiemylar.it\/ro\/wp-json\/wp\/v2\/comments?post=2727"}],"version-history":[{"count":0,"href":"https:\/\/serramentiemylar.it\/ro\/wp-json\/wp\/v2\/pages\/2727\/revisions"}],"wp:attachment":[{"href":"https:\/\/serramentiemylar.it\/ro\/wp-json\/wp\/v2\/media?parent=2727"}],"curies":[{"name":"wp","href":"https:\/\/api.w.org\/{rel}","templated":true}]}}