{"id":1614,"date":"2024-10-20T18:17:53","date_gmt":"2024-10-20T16:17:53","guid":{"rendered":"https:\/\/serramentiemylar.it\/contacts\/"},"modified":"2025-02-14T14:21:54","modified_gmt":"2025-02-14T14:21:54","slug":"contacts","status":"publish","type":"page","link":"https:\/\/serramentiemylar.it\/ro\/contacts\/","title":{"rendered":"Contacts"},"content":{"rendered":"","protected":false},"excerpt":{"rendered":"","protected":false},"author":2,"featured_media":0,"parent":0,"menu_order":0,"comment_status":"closed","ping_status":"closed","template":"","meta":{"_acf_changed":false,"footnotes":""},"class_list":["post-1614","page","type-page","status-publish","hentry"],"acf":[],"yoast_head":"<!-- This site is optimized with the Yoast SEO plugin v27.1.1 - https:\/\/yoast.com\/product\/yoast-seo-wordpress\/ -->\n<title>Contacts - Serramenti Emylar<\/title>\n<meta name=\"description\" content=\"At Serramenti Emylar, we believe in more than just delivering products; we deliver a promise of quality, durability, and personalized solutions. Our windows, doors, and shutters are crafted with care to meet the highest industry standards, providing our customers with the security and aesthetic appeal they deserve\" \/>\n<meta name=\"robots\" content=\"index, follow, max-snippet:-1, max-image-preview:large, max-video-preview:-1\" \/>\n<link rel=\"canonical\" href=\"https:\/\/serramentiemylar.it\/ro\/contacts\/\" \/>\n<meta property=\"og:locale\" content=\"ro_RO\" \/>\n<meta property=\"og:type\" content=\"article\" \/>\n<meta property=\"og:title\" content=\"Contacts - Serramenti Emylar\" \/>\n<meta property=\"og:description\" content=\"At Serramenti Emylar, we believe in more than just delivering products; we deliver a promise of quality, durability, and personalized solutions. Our windows, doors, and shutters are crafted with care to meet the highest industry standards, providing our customers with the security and aesthetic appeal they deserve\" \/>\n<meta property=\"og:url\" content=\"https:\/\/serramentiemylar.it\/ro\/contacts\/\" \/>\n<meta property=\"og:site_name\" content=\"Serramenti Emylar\" \/>\n<meta property=\"article:modified_time\" content=\"2025-02-14T14:21:54+00:00\" \/>\n<meta name=\"twitter:card\" content=\"summary_large_image\" \/>\n<script type=\"application\/ld+json\" class=\"yoast-schema-graph\">{\"@context\":\"https:\/\/schema.org\",\"@graph\":[{\"@type\":\"WebPage\",\"@id\":\"https:\/\/serramentiemylar.it\/ro\/contacts\/\",\"url\":\"https:\/\/serramentiemylar.it\/ro\/contacts\/\",\"name\":\"Contacts - Serramenti Emylar\",\"isPartOf\":{\"@id\":\"https:\/\/serramentiemylar.it\/ro\/#website\"},\"datePublished\":\"2024-10-20T16:17:53+00:00\",\"dateModified\":\"2025-02-14T14:21:54+00:00\",\"description\":\"At Serramenti Emylar, we believe in more than just delivering products; we deliver a promise of quality, durability, and personalized solutions. Our windows, doors, and shutters are crafted with care to meet the highest industry standards, providing our customers with the security and aesthetic appeal they deserve\",\"breadcrumb\":{\"@id\":\"https:\/\/serramentiemylar.it\/ro\/contacts\/#breadcrumb\"},\"inLanguage\":\"ro-RO\",\"potentialAction\":[{\"@type\":\"ReadAction\",\"target\":[\"https:\/\/serramentiemylar.it\/ro\/contacts\/\"]}]},{\"@type\":\"BreadcrumbList\",\"@id\":\"https:\/\/serramentiemylar.it\/ro\/contacts\/#breadcrumb\",\"itemListElement\":[{\"@type\":\"ListItem\",\"position\":1,\"name\":\"Home\",\"item\":\"https:\/\/serramentiemylar.it\/ro\/\"},{\"@type\":\"ListItem\",\"position\":2,\"name\":\"Contacts\"}]},{\"@type\":\"WebSite\",\"@id\":\"https:\/\/serramentiemylar.it\/ro\/#website\",\"url\":\"https:\/\/serramentiemylar.it\/ro\/\",\"name\":\"Serramenti Emylar\",\"description\":\"Con un impegno duraturo verso la qualit\u00e0, il nostro team \u00e8 dedicato a fornire soluzioni resistenti ed eleganti per la tua casa o la tua attivit\u00e0.\",\"potentialAction\":[{\"@type\":\"SearchAction\",\"target\":{\"@type\":\"EntryPoint\",\"urlTemplate\":\"https:\/\/serramentiemylar.it\/ro\/?s={search_term_string}\"},\"query-input\":{\"@type\":\"PropertyValueSpecification\",\"valueRequired\":true,\"valueName\":\"search_term_string\"}}],\"inLanguage\":\"ro-RO\"}]}<\/script>\n<!-- \/ Yoast SEO plugin. -->","yoast_head_json":{"title":"Contacts - Serramenti Emylar","description":"At Serramenti Emylar, we believe in more than just delivering products; we deliver a promise of quality, durability, and personalized solutions. Our windows, doors, and shutters are crafted with care to meet the highest industry standards, providing our customers with the security and aesthetic appeal they deserve","robots":{"index":"index","follow":"follow","max-snippet":"max-snippet:-1","max-image-preview":"max-image-preview:large","max-video-preview":"max-video-preview:-1"},"canonical":"https:\/\/serramentiemylar.it\/ro\/contacts\/","og_locale":"ro_RO","og_type":"article","og_title":"Contacts - Serramenti Emylar","og_description":"At Serramenti Emylar, we believe in more than just delivering products; we deliver a promise of quality, durability, and personalized solutions. Our windows, doors, and shutters are crafted with care to meet the highest industry standards, providing our customers with the security and aesthetic appeal they deserve","og_url":"https:\/\/serramentiemylar.it\/ro\/contacts\/","og_site_name":"Serramenti Emylar","article_modified_time":"2025-02-14T14:21:54+00:00","twitter_card":"summary_large_image","schema":{"@context":"https:\/\/schema.org","@graph":[{"@type":"WebPage","@id":"https:\/\/serramentiemylar.it\/ro\/contacts\/","url":"https:\/\/serramentiemylar.it\/ro\/contacts\/","name":"Contacts - Serramenti Emylar","isPartOf":{"@id":"https:\/\/serramentiemylar.it\/ro\/#website"},"datePublished":"2024-10-20T16:17:53+00:00","dateModified":"2025-02-14T14:21:54+00:00","description":"At Serramenti Emylar, we believe in more than just delivering products; we deliver a promise of quality, durability, and personalized solutions. Our windows, doors, and shutters are crafted with care to meet the highest industry standards, providing our customers with the security and aesthetic appeal they deserve","breadcrumb":{"@id":"https:\/\/serramentiemylar.it\/ro\/contacts\/#breadcrumb"},"inLanguage":"ro-RO","potentialAction":[{"@type":"ReadAction","target":["https:\/\/serramentiemylar.it\/ro\/contacts\/"]}]},{"@type":"BreadcrumbList","@id":"https:\/\/serramentiemylar.it\/ro\/contacts\/#breadcrumb","itemListElement":[{"@type":"ListItem","position":1,"name":"Home","item":"https:\/\/serramentiemylar.it\/ro\/"},{"@type":"ListItem","position":2,"name":"Contacts"}]},{"@type":"WebSite","@id":"https:\/\/serramentiemylar.it\/ro\/#website","url":"https:\/\/serramentiemylar.it\/ro\/","name":"Serramenti Emylar","description":"Con un impegno duraturo verso la qualit\u00e0, il nostro team \u00e8 dedicato a fornire soluzioni resistenti ed eleganti per la tua casa o la tua attivit\u00e0.","potentialAction":[{"@type":"SearchAction","target":{"@type":"EntryPoint","urlTemplate":"https:\/\/serramentiemylar.it\/ro\/?s={search_term_string}"},"query-input":{"@type":"PropertyValueSpecification","valueRequired":true,"valueName":"search_term_string"}}],"inLanguage":"ro-RO"}]}},"_links":{"self":[{"href":"https:\/\/serramentiemylar.it\/ro\/wp-json\/wp\/v2\/pages\/1614","targetHints":{"allow":["GET"]}}],"collection":[{"href":"https:\/\/serramentiemylar.it\/ro\/wp-json\/wp\/v2\/pages"}],"about":[{"href":"https:\/\/serramentiemylar.it\/ro\/wp-json\/wp\/v2\/types\/page"}],"author":[{"embeddable":true,"href":"https:\/\/serramentiemylar.it\/ro\/wp-json\/wp\/v2\/users\/2"}],"replies":[{"embeddable":true,"href":"https:\/\/serramentiemylar.it\/ro\/wp-json\/wp\/v2\/comments?post=1614"}],"version-history":[{"count":2,"href":"https:\/\/serramentiemylar.it\/ro\/wp-json\/wp\/v2\/pages\/1614\/revisions"}],"predecessor-version":[{"id":1831,"href":"https:\/\/serramentiemylar.it\/ro\/wp-json\/wp\/v2\/pages\/1614\/revisions\/1831"}],"wp:attachment":[{"href":"https:\/\/serramentiemylar.it\/ro\/wp-json\/wp\/v2\/media?parent=1614"}],"curies":[{"name":"wp","href":"https:\/\/api.w.org\/{rel}","templated":true}]}}