{"id":1768,"date":"2024-10-29T18:33:21","date_gmt":"2024-10-29T18:33:21","guid":{"rendered":"https:\/\/serramentiemylar.it\/terms-and-conditions\/"},"modified":"2024-11-01T19:11:10","modified_gmt":"2024-11-01T19:11:10","slug":"terms-and-conditions","status":"publish","type":"page","link":"https:\/\/serramentiemylar.it\/en\/terms-and-conditions\/","title":{"rendered":"Terms and conditions"},"content":{"rendered":"\n<p>Welcome to Emylar Windows and doors. By using our site and services, you agree to the following terms and conditions. Please read them carefully.<\/p>\n\n<h3 class=\"wp-block-heading\">1. Acceptance of the Terms<\/h3>\n\n<p>By using this site, you confirm that you have read, understand, and agree to these Terms and Conditions.<\/p>\n\n<h3 class=\"wp-block-heading\">2. Changes to the Terms<\/h3>\n\n<p>We reserve the right to update the terms without notice. It is your responsibility to check regularly for any changes.<\/p>\n\n<h3 class=\"wp-block-heading\">3. Services and Products<\/h3>\n\n<p>Product descriptions, prices, and availability are subject to change. We do our best to ensure accuracy, but mistakes can happen.<\/p>\n\n<h3 class=\"wp-block-heading\">4. Intellectual Property<\/h3>\n\n<p>The content of the site, including images and text, is protected by copyright laws. Material may not be used without permission.<\/p>\n\n<h3 class=\"wp-block-heading\">5. Limitation of Liability<\/h3>\n\n<p>Emylar Serramenti will not be liable for any damages resulting from the use of the site or the purchase of the products.<\/p>\n\n<h3 class=\"wp-block-heading\">6. Applicable Law<\/h3>\n\n<p>These terms are governed by the laws of Italy. Any disputes will be resolved in the courts of competent jurisdiction.<\/p>\n\n<p>For more information, please contact us through the contact information available on our website.<\/p>\n","protected":false},"excerpt":{"rendered":"<p>Welcome to Emylar Windows and doors. By using our site and services, you agree to the following terms and conditions. Please read them carefully. 1. Acceptance of the Terms By using this site, you confirm that you have read, understand, and agree to these Terms and Conditions. 2. Changes to the Terms We reserve the [&hellip;]<\/p>\n","protected":false},"author":2,"featured_media":0,"parent":0,"menu_order":0,"comment_status":"closed","ping_status":"closed","template":"","meta":{"_acf_changed":false,"footnotes":""},"class_list":["post-1768","page","type-page","status-publish","hentry"],"acf":[],"yoast_head":"<!-- This site is optimized with the Yoast SEO plugin v27.1.1 - https:\/\/yoast.com\/product\/yoast-seo-wordpress\/ -->\n<title>Terms and conditions - Serramenti Emylar<\/title>\n<meta name=\"robots\" content=\"index, follow, max-snippet:-1, max-image-preview:large, max-video-preview:-1\" \/>\n<link rel=\"canonical\" href=\"https:\/\/serramentiemylar.it\/en\/terms-and-conditions\/\" \/>\n<meta property=\"og:locale\" content=\"en_US\" \/>\n<meta property=\"og:type\" content=\"article\" \/>\n<meta property=\"og:title\" content=\"Terms and conditions - Serramenti Emylar\" \/>\n<meta property=\"og:description\" content=\"Welcome to Emylar Windows and doors. By using our site and services, you agree to the following terms and conditions. Please read them carefully. 1. Acceptance of the Terms By using this site, you confirm that you have read, understand, and agree to these Terms and Conditions. 2. Changes to the Terms We reserve the [&hellip;]\" \/>\n<meta property=\"og:url\" content=\"https:\/\/serramentiemylar.it\/en\/terms-and-conditions\/\" \/>\n<meta property=\"og:site_name\" content=\"Serramenti Emylar\" \/>\n<meta property=\"article:modified_time\" content=\"2024-11-01T19:11:10+00:00\" \/>\n<meta name=\"twitter:card\" content=\"summary_large_image\" \/>\n<meta name=\"twitter:label1\" content=\"Est. reading time\" \/>\n\t<meta name=\"twitter:data1\" content=\"1 minute\" \/>\n<script type=\"application\/ld+json\" class=\"yoast-schema-graph\">{\"@context\":\"https:\/\/schema.org\",\"@graph\":[{\"@type\":\"WebPage\",\"@id\":\"https:\/\/serramentiemylar.it\/en\/terms-and-conditions\/\",\"url\":\"https:\/\/serramentiemylar.it\/en\/terms-and-conditions\/\",\"name\":\"Terms and conditions - Serramenti Emylar\",\"isPartOf\":{\"@id\":\"https:\/\/serramentiemylar.it\/en\/#website\"},\"datePublished\":\"2024-10-29T18:33:21+00:00\",\"dateModified\":\"2024-11-01T19:11:10+00:00\",\"breadcrumb\":{\"@id\":\"https:\/\/serramentiemylar.it\/en\/terms-and-conditions\/#breadcrumb\"},\"inLanguage\":\"en-US\",\"potentialAction\":[{\"@type\":\"ReadAction\",\"target\":[\"https:\/\/serramentiemylar.it\/en\/terms-and-conditions\/\"]}]},{\"@type\":\"BreadcrumbList\",\"@id\":\"https:\/\/serramentiemylar.it\/en\/terms-and-conditions\/#breadcrumb\",\"itemListElement\":[{\"@type\":\"ListItem\",\"position\":1,\"name\":\"Home\",\"item\":\"https:\/\/serramentiemylar.it\/en\/\"},{\"@type\":\"ListItem\",\"position\":2,\"name\":\"Terms and conditions\"}]},{\"@type\":\"WebSite\",\"@id\":\"https:\/\/serramentiemylar.it\/en\/#website\",\"url\":\"https:\/\/serramentiemylar.it\/en\/\",\"name\":\"Serramenti Emylar\",\"description\":\"Con un impegno duraturo verso la qualit\u00e0, il nostro team \u00e8 dedicato a fornire soluzioni resistenti ed eleganti per la tua casa o la tua attivit\u00e0.\",\"potentialAction\":[{\"@type\":\"SearchAction\",\"target\":{\"@type\":\"EntryPoint\",\"urlTemplate\":\"https:\/\/serramentiemylar.it\/en\/?s={search_term_string}\"},\"query-input\":{\"@type\":\"PropertyValueSpecification\",\"valueRequired\":true,\"valueName\":\"search_term_string\"}}],\"inLanguage\":\"en-US\"}]}<\/script>\n<!-- \/ Yoast SEO plugin. -->","yoast_head_json":{"title":"Terms and conditions - Serramenti Emylar","robots":{"index":"index","follow":"follow","max-snippet":"max-snippet:-1","max-image-preview":"max-image-preview:large","max-video-preview":"max-video-preview:-1"},"canonical":"https:\/\/serramentiemylar.it\/en\/terms-and-conditions\/","og_locale":"en_US","og_type":"article","og_title":"Terms and conditions - Serramenti Emylar","og_description":"Welcome to Emylar Windows and doors. By using our site and services, you agree to the following terms and conditions. Please read them carefully. 1. Acceptance of the Terms By using this site, you confirm that you have read, understand, and agree to these Terms and Conditions. 2. Changes to the Terms We reserve the [&hellip;]","og_url":"https:\/\/serramentiemylar.it\/en\/terms-and-conditions\/","og_site_name":"Serramenti Emylar","article_modified_time":"2024-11-01T19:11:10+00:00","twitter_card":"summary_large_image","twitter_misc":{"Est. reading time":"1 minute"},"schema":{"@context":"https:\/\/schema.org","@graph":[{"@type":"WebPage","@id":"https:\/\/serramentiemylar.it\/en\/terms-and-conditions\/","url":"https:\/\/serramentiemylar.it\/en\/terms-and-conditions\/","name":"Terms and conditions - Serramenti Emylar","isPartOf":{"@id":"https:\/\/serramentiemylar.it\/en\/#website"},"datePublished":"2024-10-29T18:33:21+00:00","dateModified":"2024-11-01T19:11:10+00:00","breadcrumb":{"@id":"https:\/\/serramentiemylar.it\/en\/terms-and-conditions\/#breadcrumb"},"inLanguage":"en-US","potentialAction":[{"@type":"ReadAction","target":["https:\/\/serramentiemylar.it\/en\/terms-and-conditions\/"]}]},{"@type":"BreadcrumbList","@id":"https:\/\/serramentiemylar.it\/en\/terms-and-conditions\/#breadcrumb","itemListElement":[{"@type":"ListItem","position":1,"name":"Home","item":"https:\/\/serramentiemylar.it\/en\/"},{"@type":"ListItem","position":2,"name":"Terms and conditions"}]},{"@type":"WebSite","@id":"https:\/\/serramentiemylar.it\/en\/#website","url":"https:\/\/serramentiemylar.it\/en\/","name":"Serramenti Emylar","description":"Con un impegno duraturo verso la qualit\u00e0, il nostro team \u00e8 dedicato a fornire soluzioni resistenti ed eleganti per la tua casa o la tua attivit\u00e0.","potentialAction":[{"@type":"SearchAction","target":{"@type":"EntryPoint","urlTemplate":"https:\/\/serramentiemylar.it\/en\/?s={search_term_string}"},"query-input":{"@type":"PropertyValueSpecification","valueRequired":true,"valueName":"search_term_string"}}],"inLanguage":"en-US"}]}},"_links":{"self":[{"href":"https:\/\/serramentiemylar.it\/en\/wp-json\/wp\/v2\/pages\/1768","targetHints":{"allow":["GET"]}}],"collection":[{"href":"https:\/\/serramentiemylar.it\/en\/wp-json\/wp\/v2\/pages"}],"about":[{"href":"https:\/\/serramentiemylar.it\/en\/wp-json\/wp\/v2\/types\/page"}],"author":[{"embeddable":true,"href":"https:\/\/serramentiemylar.it\/en\/wp-json\/wp\/v2\/users\/2"}],"replies":[{"embeddable":true,"href":"https:\/\/serramentiemylar.it\/en\/wp-json\/wp\/v2\/comments?post=1768"}],"version-history":[{"count":1,"href":"https:\/\/serramentiemylar.it\/en\/wp-json\/wp\/v2\/pages\/1768\/revisions"}],"predecessor-version":[{"id":1769,"href":"https:\/\/serramentiemylar.it\/en\/wp-json\/wp\/v2\/pages\/1768\/revisions\/1769"}],"wp:attachment":[{"href":"https:\/\/serramentiemylar.it\/en\/wp-json\/wp\/v2\/media?parent=1768"}],"curies":[{"name":"wp","href":"https:\/\/api.w.org\/{rel}","templated":true}]}}