{"id":1630,"date":"2024-10-20T18:17:41","date_gmt":"2024-10-20T18:17:41","guid":{"rendered":"https:\/\/serramentiemylar.it\/about-us\/"},"modified":"2025-04-10T11:30:26","modified_gmt":"2025-04-10T11:30:26","slug":"about-us","status":"publish","type":"page","link":"https:\/\/serramentiemylar.it\/en\/about-us\/","title":{"rendered":"About us"},"content":{"rendered":"","protected":false},"excerpt":{"rendered":"","protected":false},"author":2,"featured_media":0,"parent":0,"menu_order":0,"comment_status":"closed","ping_status":"closed","template":"","meta":{"_acf_changed":false,"footnotes":""},"class_list":["post-1630","page","type-page","status-publish","hentry"],"acf":[],"yoast_head":"<!-- This site is optimized with the Yoast SEO plugin v27.1.1 - https:\/\/yoast.com\/product\/yoast-seo-wordpress\/ -->\n<title>About us - Serramenti Emylar<\/title>\n<meta name=\"description\" content=\"At Serramenti Emylar, we believe in more than just delivering products; we deliver a promise of quality, durability, and personalized solutions.\" \/>\n<meta name=\"robots\" content=\"index, follow, max-snippet:-1, max-image-preview:large, max-video-preview:-1\" \/>\n<link rel=\"canonical\" href=\"https:\/\/serramentiemylar.it\/en\/about-us\/\" \/>\n<meta property=\"og:locale\" content=\"en_US\" \/>\n<meta property=\"og:type\" content=\"article\" \/>\n<meta property=\"og:title\" content=\"About us - Serramenti Emylar\" \/>\n<meta property=\"og:description\" content=\"At Serramenti Emylar, we believe in more than just delivering products; we deliver a promise of quality, durability, and personalized solutions.\" \/>\n<meta property=\"og:url\" content=\"https:\/\/serramentiemylar.it\/en\/about-us\/\" \/>\n<meta property=\"og:site_name\" content=\"Serramenti Emylar\" \/>\n<meta property=\"article:modified_time\" content=\"2025-04-10T11:30:26+00:00\" \/>\n<meta name=\"twitter:card\" content=\"summary_large_image\" \/>\n<script type=\"application\/ld+json\" class=\"yoast-schema-graph\">{\"@context\":\"https:\/\/schema.org\",\"@graph\":[{\"@type\":\"WebPage\",\"@id\":\"https:\/\/serramentiemylar.it\/en\/about-us\/\",\"url\":\"https:\/\/serramentiemylar.it\/en\/about-us\/\",\"name\":\"About us - Serramenti Emylar\",\"isPartOf\":{\"@id\":\"https:\/\/serramentiemylar.it\/en\/#website\"},\"datePublished\":\"2024-10-20T18:17:41+00:00\",\"dateModified\":\"2025-04-10T11:30:26+00:00\",\"description\":\"At Serramenti Emylar, we believe in more than just delivering products; we deliver a promise of quality, durability, and personalized solutions.\",\"breadcrumb\":{\"@id\":\"https:\/\/serramentiemylar.it\/en\/about-us\/#breadcrumb\"},\"inLanguage\":\"en-US\",\"potentialAction\":[{\"@type\":\"ReadAction\",\"target\":[\"https:\/\/serramentiemylar.it\/en\/about-us\/\"]}]},{\"@type\":\"BreadcrumbList\",\"@id\":\"https:\/\/serramentiemylar.it\/en\/about-us\/#breadcrumb\",\"itemListElement\":[{\"@type\":\"ListItem\",\"position\":1,\"name\":\"Home\",\"item\":\"https:\/\/serramentiemylar.it\/en\/\"},{\"@type\":\"ListItem\",\"position\":2,\"name\":\"About us\"}]},{\"@type\":\"WebSite\",\"@id\":\"https:\/\/serramentiemylar.it\/en\/#website\",\"url\":\"https:\/\/serramentiemylar.it\/en\/\",\"name\":\"Serramenti Emylar\",\"description\":\"Con un impegno duraturo verso la qualit\u00e0, il nostro team \u00e8 dedicato a fornire soluzioni resistenti ed eleganti per la tua casa o la tua attivit\u00e0.\",\"potentialAction\":[{\"@type\":\"SearchAction\",\"target\":{\"@type\":\"EntryPoint\",\"urlTemplate\":\"https:\/\/serramentiemylar.it\/en\/?s={search_term_string}\"},\"query-input\":{\"@type\":\"PropertyValueSpecification\",\"valueRequired\":true,\"valueName\":\"search_term_string\"}}],\"inLanguage\":\"en-US\"}]}<\/script>\n<!-- \/ Yoast SEO plugin. -->","yoast_head_json":{"title":"About us - Serramenti Emylar","description":"At Serramenti Emylar, we believe in more than just delivering products; we deliver a promise of quality, durability, and personalized solutions.","robots":{"index":"index","follow":"follow","max-snippet":"max-snippet:-1","max-image-preview":"max-image-preview:large","max-video-preview":"max-video-preview:-1"},"canonical":"https:\/\/serramentiemylar.it\/en\/about-us\/","og_locale":"en_US","og_type":"article","og_title":"About us - Serramenti Emylar","og_description":"At Serramenti Emylar, we believe in more than just delivering products; we deliver a promise of quality, durability, and personalized solutions.","og_url":"https:\/\/serramentiemylar.it\/en\/about-us\/","og_site_name":"Serramenti Emylar","article_modified_time":"2025-04-10T11:30:26+00:00","twitter_card":"summary_large_image","schema":{"@context":"https:\/\/schema.org","@graph":[{"@type":"WebPage","@id":"https:\/\/serramentiemylar.it\/en\/about-us\/","url":"https:\/\/serramentiemylar.it\/en\/about-us\/","name":"About us - Serramenti Emylar","isPartOf":{"@id":"https:\/\/serramentiemylar.it\/en\/#website"},"datePublished":"2024-10-20T18:17:41+00:00","dateModified":"2025-04-10T11:30:26+00:00","description":"At Serramenti Emylar, we believe in more than just delivering products; we deliver a promise of quality, durability, and personalized solutions.","breadcrumb":{"@id":"https:\/\/serramentiemylar.it\/en\/about-us\/#breadcrumb"},"inLanguage":"en-US","potentialAction":[{"@type":"ReadAction","target":["https:\/\/serramentiemylar.it\/en\/about-us\/"]}]},{"@type":"BreadcrumbList","@id":"https:\/\/serramentiemylar.it\/en\/about-us\/#breadcrumb","itemListElement":[{"@type":"ListItem","position":1,"name":"Home","item":"https:\/\/serramentiemylar.it\/en\/"},{"@type":"ListItem","position":2,"name":"About us"}]},{"@type":"WebSite","@id":"https:\/\/serramentiemylar.it\/en\/#website","url":"https:\/\/serramentiemylar.it\/en\/","name":"Serramenti Emylar","description":"Con un impegno duraturo verso la qualit\u00e0, il nostro team \u00e8 dedicato a fornire soluzioni resistenti ed eleganti per la tua casa o la tua attivit\u00e0.","potentialAction":[{"@type":"SearchAction","target":{"@type":"EntryPoint","urlTemplate":"https:\/\/serramentiemylar.it\/en\/?s={search_term_string}"},"query-input":{"@type":"PropertyValueSpecification","valueRequired":true,"valueName":"search_term_string"}}],"inLanguage":"en-US"}]}},"_links":{"self":[{"href":"https:\/\/serramentiemylar.it\/en\/wp-json\/wp\/v2\/pages\/1630","targetHints":{"allow":["GET"]}}],"collection":[{"href":"https:\/\/serramentiemylar.it\/en\/wp-json\/wp\/v2\/pages"}],"about":[{"href":"https:\/\/serramentiemylar.it\/en\/wp-json\/wp\/v2\/types\/page"}],"author":[{"embeddable":true,"href":"https:\/\/serramentiemylar.it\/en\/wp-json\/wp\/v2\/users\/2"}],"replies":[{"embeddable":true,"href":"https:\/\/serramentiemylar.it\/en\/wp-json\/wp\/v2\/comments?post=1630"}],"version-history":[{"count":1,"href":"https:\/\/serramentiemylar.it\/en\/wp-json\/wp\/v2\/pages\/1630\/revisions"}],"predecessor-version":[{"id":1871,"href":"https:\/\/serramentiemylar.it\/en\/wp-json\/wp\/v2\/pages\/1630\/revisions\/1871"}],"wp:attachment":[{"href":"https:\/\/serramentiemylar.it\/en\/wp-json\/wp\/v2\/media?parent=1630"}],"curies":[{"name":"wp","href":"https:\/\/api.w.org\/{rel}","templated":true}]}}